{"id":2255,"date":"2016-11-09T13:28:41","date_gmt":"2016-11-09T12:28:41","guid":{"rendered":"http:\/\/maisonlesgalettes.com\/omgeving\/"},"modified":"2022-10-17T15:40:23","modified_gmt":"2022-10-17T13:40:23","slug":"environs","status":"publish","type":"page","link":"https:\/\/maisonlesgalettes.com\/fr\/environs\/","title":{"rendered":"Les environs"},"content":{"rendered":"<p><div class=\"fusion-fullwidth fullwidth-box fusion-builder-row-1 fusion-parallax-none nonhundred-percent-fullwidth non-hundred-percent-height-scrolling\" style=\"--awb-border-radius-top-left:0px;--awb-border-radius-top-right:0px;--awb-border-radius-bottom-right:0px;--awb-border-radius-bottom-left:0px;--awb-padding-top:250px;--awb-padding-bottom:100px;--awb-background-image:url(&quot;https:\/\/maisonlesgalettes.com\/wp-content\/uploads\/2020\/10\/IMG_2045.jpg&quot;);--awb-background-size:cover;--awb-flex-wrap:wrap;\" ><div class=\"fusion-builder-row fusion-row\"><div class=\"fusion-layout-column fusion_builder_column fusion-builder-column-0 fusion_builder_column_1_1 1_1 fusion-one-full fusion-column-first fusion-column-last\" style=\"--awb-bg-size:cover;\"><div class=\"fusion-column-wrapper fusion-flex-column-wrapper-legacy\"><div class=\"fusion-clearfix\"><\/div><\/div><\/div><\/div><\/div><div class=\"fusion-fullwidth fullwidth-box fusion-builder-row-2 nonhundred-percent-fullwidth non-hundred-percent-height-scrolling\" style=\"--awb-background-position:left top;--awb-border-sizes-top:0px;--awb-border-sizes-bottom:0px;--awb-border-sizes-left:0px;--awb-border-sizes-right:0px;--awb-border-radius-top-left:0px;--awb-border-radius-top-right:0px;--awb-border-radius-bottom-right:0px;--awb-border-radius-bottom-left:0px;--awb-padding-bottom:50px;--awb-flex-wrap:wrap;\" ><div class=\"fusion-builder-row fusion-row\"><div class=\"fusion-layout-column fusion_builder_column fusion-builder-column-1 fusion_builder_column_1_5 1_5 fusion-one-fifth fusion-column-first\" style=\"--awb-bg-size:cover;--awb-margin-top:20px;width:16.8%; margin-right: 4%;\"><div class=\"fusion-column-wrapper fusion-flex-column-wrapper-legacy\"><div class=\"fusion-clearfix\"><\/div><\/div><\/div><div class=\"fusion-layout-column fusion_builder_column fusion-builder-column-2 fusion_builder_column_3_5 3_5 fusion-three-fifth\" style=\"--awb-bg-size:cover;width:58.4%; margin-right: 4%;\"><div class=\"fusion-column-wrapper fusion-flex-column-wrapper-legacy\"><div class=\"fusion-sep-clear\"><\/div><div class=\"fusion-separator fusion-full-width-sep\" style=\"margin-left: auto;margin-right: auto;margin-top:50px;width:100%;\"><\/div><div class=\"fusion-sep-clear\"><\/div><div class=\"fusion-text fusion-text-1\"><h2>Les environs<\/h2>\n<\/div><div class=\"fusion-sep-clear\"><\/div><div class=\"fusion-separator fusion-full-width-sep\" style=\"margin-left: auto;margin-right: auto;margin-top:20px;width:100%;\"><\/div><div class=\"fusion-sep-clear\"><\/div><div class=\"fusion-text fusion-text-2\"><p>Les Galettes appartiennent \u00e0 la communaut\u00e9 de Rezay o\u00f9 vivent 200 personnes. Rezay est une commune fran\u00e7aise, situ\u00e9e dans le Cher, r\u00e9gion du Centre dont la capitale est Orl\u00e9ans. La r\u00e9gion du Centre se caract\u00e9rise par ses ch\u00e2teaux magnifiques, ses beaux paysages fluviaux et ses villages anciens tout \u00e0 fait charmants. Il y a beaucoup de petites routes, donc vous pouvez faire du v\u00e9lo et de la randonn\u00e9e. Parfait pour des vacances, un week-end ou une nuit. La Maison Les Galettes est situ\u00e9e \u00e0 environ 25 minutes de l&rsquo;autoroute A71.<\/p>\n<p>La r\u00e9gion o\u00f9 nous vivons est aussi appel\u00e9e le Berry, l&rsquo;ancienne province historique. La r\u00e9gion regorge d&rsquo;activit\u00e9s et d&rsquo;attractions touristiques \u00e0 voir absolument!<br \/>\nVoici une s\u00e9lection de la gamme.<\/p>\n<h3>George Sand<\/h3>\n<p>Sur notre page d&rsquo;accueil, nous \u00e9crivons sur George Sand. L&rsquo;\u00e9crivain fran\u00e7ais du 19\u00e8me si\u00e8cle, qui a grandi dans le Berry. Elle a \u00e9crit roman apr\u00e8s roman dans la belle et romantique maison avec parc adjacent, situ\u00e9e dans le pittoresque village de Nohant-Vic et \u00e0 une demi-heure de route de nous. La maison se visite toute l&rsquo;ann\u00e9e.<\/p>\n<h3>Jardins<\/h3>\n<p>Aimez-vous les beaux jardins? Ensuite, vous devriez vraiment jeter un coup d&rsquo;\u0153il au Prieur\u00e9 Notre Dame d&rsquo;Orsan dans le Maisonnais o\u00f9 un hommage est rendu \u00e0 l&rsquo;art du jardin, inspir\u00e9 du Moyen \u00c2ge, \u00e0 travers les potagers, les vergers, un jardin d&rsquo;herbes aromatiques, un labyrinthe d&rsquo;arbres fruitiers et une roseraie.<br \/>\nLe magnifique jardin du Parc Floral dans le village m\u00e9di\u00e9val d&rsquo;Apremont-sur-Allier m\u00e9rite \u00e9galement une visite. Ce parc est divis\u00e9 en parties de diff\u00e9rentes couleurs, fleurs, plantes et structures.<\/p>\n<h3>Cath\u00e9drales<\/h3>\n<p>Notre r\u00e9gion compte plusieurs cath\u00e9drales, comme la cath\u00e9drale de Bourges construite dans le style gothique et l&rsquo;imposante basilique de Ch\u00e2teauneuf-sur-Cher.<br \/>\nIl y a aussi une \u00e9glise sp\u00e9ciale au Menoux. Ici, vous serez surpris par les impressionnantes fresques de l&rsquo;artiste bolivien Jorge Carrasco. Il affiche son image cosmique de Dieu dans une palette cr\u00e9ative de couleurs et de formes qui vous rendra heureux m\u00eame par une journ\u00e9e brumeuse.<\/p>\n<h3>Ch\u00e2teaux<\/h3>\n<p>La France compte d&rsquo;innombrables ch\u00e2teaux. Les ch\u00e2teaux les plus connus et les plus beaux se trouvent dans la r\u00e9gion de la Loire. L&rsquo;un d&rsquo;eux est l&rsquo;imposant ch\u00e2teau de Valen\u00e7ay avec ses jardins parfaitement sym\u00e9triques, qui se trouve \u00e0 1 heure de route de nous. Apr\u00e8s avoir visit\u00e9 le ch\u00e2teau, vous pouvez explorer le parc du ch\u00e2teau avec, entre autres, le grand labyrinthe de Napol\u00e9on, le jardin des parfums et un zoo pour enfants.<br \/>\nPr\u00e9f\u00e9rez-vous reprendre l&rsquo;histoire dans un ch\u00e2teau \u00e0 proximit\u00e9? Visitez ensuite Bouges, Meillant, Azay-le-Ferron, Ainay-le-Vieil, Sarzay ou Culan.<\/p>\n<h3>Sportif<\/h3>\n<p>Vous cherchez quelque chose de sportif? Le lac de Sidiailles se trouve \u00e0 30 minutes de route de la Maison Les Galettes. Un grand r\u00e9servoir de loisirs magnifiquement situ\u00e9 avec une magnifique plage et une pelouse spacieuse. Une aire de jeux pour enfants et des p\u00e9dalos, des cano\u00ebs et des planches de paddle sont disponibles \u00e0 la location. Il y a aussi un beau sentier d&rsquo;escalade avec diff\u00e9rents itin\u00e9raires. La randonn\u00e9e et le VTT sont \u00e9galement possibles. Un parc aquatique flottant avec toboggans gonflables, cordes d&rsquo;escalade et trampolines rend cet endroit merveilleux complet.<\/p>\n<p>Mais il y a plusieurs eaux dans notre r\u00e9gion, comme le lac de Virlay et le canal de Berry, o\u00f9 vous pourrez vous rafra\u00eechir par une chaude journ\u00e9e d&rsquo;\u00e9t\u00e9 avec un p\u00e9dalo, un bateau \u00e0 rames ou un bateau \u00e9lectrique, par exemple. En plus de la rafra\u00eechir, c&rsquo;est aussi une mani\u00e8re merveilleuse et relaxante de d\u00e9couvrir le paysage et la faune et la flore de notre r\u00e9gion.<\/p>\n<p>Aimez-vous une partie de golf? N&rsquo;h\u00e9sitez pas \u00e0 amener vos clubs de golf \u00e0 la Maison Les Galettes. \u00c0 un maximum de 50 minutes en voiture de nous se trouvent de magnifiques terrains de golf, tels que le Golf Les Sarrays, le Golf Les Dryades, Ugolf Bourges Val-de-Loire et le Golf du Val de Cher<\/p>\n<h3>Villes et villages<\/h3>\n<p>La ville voisine de Bourges, capitale du Cher, a un vieux centre-ville confortable en plus de la cath\u00e9drale gothique. Bourges est \u00e9galement connue pour sa fonction r\u00e9gionale de ville commer\u00e7ante.<br \/>\nBon \u00e0 savoir, nous avons \u00e0 disposition dans diff\u00e9rents villages et villes, y compris Bourges, La Ch\u00e2tre, Culan, Montlu\u00e7on, Issoudun et Saint-S\u00e9v\u00e8re-Sur-Indre, des itin\u00e9raires p\u00e9destres (historiques) et des cartes, que vous trouverez tous les beaux endroits et montrer des vues.<\/p>\n<h3>Brocante<\/h3>\n<p>D\u00e8s que les temp\u00e9ratures remontent et que le soleil du printemps se l\u00e8ve, les tapis se d\u00e9ploient et les tables sont plac\u00e9es sur les places du village et la brocante est \u00e0 nouveau ouverte! Parce que maintenant dites par vous-m\u00eame, quoi de plus agr\u00e9able que de fouiner dans les vieilles choses de quelqu&rsquo;un d&rsquo;autre par une belle journ\u00e9e pour juste ce joyau? Nous avons l&rsquo;agenda des march\u00e9s aux puces et vide-greniers de votre r\u00e9gion pr\u00eat pour vous.<\/p>\n<\/div><div class=\"fusion-sep-clear\"><\/div><div class=\"fusion-separator fusion-full-width-sep\" style=\"margin-left: auto;margin-right: auto;margin-top:20px;width:100%;\"><\/div><div class=\"fusion-sep-clear\"><\/div><div class=\"fusion-text fusion-text-3\"><h2>Distances<\/h2>\n<\/div><div class=\"fusion-text fusion-text-4\"><p><span style=\"font-weight: 400;\">Bourges: 50 km<br \/>\nClermont-Ferrand: 170 km<br \/>\nOrl\u00e9ans: 180 km<br \/>\nParis: 300 km<br \/>\n<\/span><span style=\"font-weight: 400;\">Lyon: 315 km<\/span><\/p>\n<p>A environ 15 minutes des\u00a0Galettes vous trouverez une supermarch\u00e9.<\/p>\n<\/div><div class=\"fusion-sep-clear\"><\/div><div class=\"fusion-separator fusion-full-width-sep\" style=\"margin-left: auto;margin-right: auto;margin-top:20px;width:100%;\"><\/div><div class=\"fusion-sep-clear\"><\/div><div class=\"fusion-aligncenter\"><a class=\"fusion-button button-flat button-large button-default fusion-button-default button-1 fusion-button-default-span \" style=\"--button-border-radius-top-left:0px;--button-border-radius-top-right:0px;--button-border-radius-bottom-right:0px;--button-border-radius-bottom-left:0px;\" target=\"_self\" href=\"https:\/\/maisonlesgalettes.com\/fr\/tarifs\"><span class=\"fusion-button-text awb-button__text awb-button__text--default\">Tarifs des chambres<\/span><\/a><\/div><div class=\"fusion-clearfix\"><\/div><\/div><\/div><\/div><\/div><div class=\"fusion-fullwidth fullwidth-box fusion-builder-row-3 nonhundred-percent-fullwidth non-hundred-percent-height-scrolling\" style=\"--awb-border-sizes-top:0px;--awb-border-sizes-bottom:0px;--awb-border-sizes-left:0px;--awb-border-sizes-right:0px;--awb-border-radius-top-left:0px;--awb-border-radius-top-right:0px;--awb-border-radius-bottom-right:0px;--awb-border-radius-bottom-left:0px;--awb-padding-bottom:50px;--awb-background-color:#595858;--awb-flex-wrap:wrap;\" ><div class=\"fusion-builder-row fusion-row\"><div class=\"fusion-layout-column fusion_builder_column fusion-builder-column-3 fusion_builder_column_1_1 1_1 fusion-one-full fusion-column-first fusion-column-last\" style=\"--awb-bg-position:center center;--awb-bg-size:cover;\"><div class=\"fusion-column-wrapper fusion-flex-column-wrapper-legacy\"><div class=\"fusion-title title fusion-title-1 fusion-sep-none fusion-title-center fusion-title-text fusion-title-size-two\" style=\"--awb-margin-top:50px;--awb-margin-bottom:20px;--awb-margin-top-small:0px;--awb-margin-right-small:0px;--awb-margin-bottom-small:20px;--awb-margin-left-small:0px;--awb-sep-color:#ffffff;\"><h2 class=\"fusion-title-heading title-heading-center\" style=\"margin:0;\"><p><em><span style=\"font-weight: 400;\"><span style=\"color: #ffffff;\">Des vacances, un weekend de repos ou traverser la r\u00e9gion?<\/span><br \/>\n<span style=\"color: #ffffff;\">Venez \u00e0 la Maison Les Galettes!<\/span> <\/span><\/em><\/p><\/h2><\/div><div class=\"fusion-title title fusion-title-2 fusion-sep-none fusion-title-center fusion-title-text fusion-title-size-four\" style=\"--awb-margin-top:20px;--awb-margin-bottom:20px;--awb-margin-top-small:0px;--awb-margin-right-small:0px;--awb-margin-bottom-small:20px;--awb-margin-left-small:0px;--awb-sep-color:#ffffff;\"><h4 class=\"fusion-title-heading title-heading-center\" style=\"margin:0;\"><div>\n<p><span style=\"color: #ffffff;\"><span lang=\"FR\">Le plus bel endroit au c\u0153ur de la France se situe chez nous, dans nos charmantes chambres d\u2019h\u00f4tes (B&amp;B).<br \/>\n<\/span>Situ\u00e9 dans un bel environnement rural, vallonn\u00e9, vert et non-touristique, c\u2019est l\u2019endroit parfait pour des excursions \u00e0 v\u00e9lo et des promenades vari\u00e9es.<\/span><br \/>\n<span style=\"color: #ffffff;\">Nous disposons de suffisamment d\u2019espace, de paix et de confort pour vous recevoir.<\/span><\/p>\n<\/div>\n<div>\n<p><span style=\"color: #ffffff;\">Notre satisfaction c\u2019est de vous voir repartir heureux, repos\u00e9s et la t\u00eate pleine de merveilleux souvenirs.<\/span><\/p>\n<\/div><\/h4><\/div><div class=\"fusion-sep-clear\"><\/div><div class=\"fusion-separator fusion-full-width-sep\" style=\"margin-left: auto;margin-right: auto;margin-top:20px;width:100%;\"><\/div><div class=\"fusion-sep-clear\"><\/div><div class=\"fusion-aligncenter\"><a class=\"fusion-button button-flat button-large button-default fusion-button-default button-2 fusion-button-default-span \" style=\"--button-border-radius-top-left:0px;--button-border-radius-top-right:0px;--button-border-radius-bottom-right:0px;--button-border-radius-bottom-left:0px;\" target=\"_self\" href=\"https:\/\/maisonlesgalettes.com\/fr\/reservation\"><span class=\"fusion-button-text awb-button__text awb-button__text--default\">R\u00e9server<\/span><\/a><\/div><div class=\"fusion-clearfix\"><\/div><\/div><\/div><\/div><\/div><\/p>\n","protected":false},"excerpt":{"rendered":"","protected":false},"author":1857,"featured_media":0,"parent":0,"menu_order":0,"comment_status":"closed","ping_status":"open","template":"100-width.php","meta":{"footnotes":""},"class_list":["post-2255","page","type-page","status-publish","hentry"],"yoast_head":"<!-- This site is optimized with the Yoast SEO plugin v27.5 - https:\/\/yoast.com\/product\/yoast-seo-wordpress\/ -->\n<title>Les environs - Maison Les Galettes | Chambres d&#039;h\u00f4tes | Table d&#039;hotes<\/title>\n<meta name=\"description\" content=\"Des vacances, une semaine ou juste une nuit? Rendez-vous \u00e0 la Maison Les Galettes au coeur de la France. Id\u00e9alement situ\u00e9 dans le centre pr\u00e8s de A71.\" \/>\n<meta name=\"robots\" content=\"index, follow, max-snippet:-1, max-image-preview:large, max-video-preview:-1\" \/>\n<link rel=\"canonical\" href=\"https:\/\/maisonlesgalettes.com\/fr\/environs\/\" \/>\n<meta property=\"og:locale\" content=\"fr_FR\" \/>\n<meta property=\"og:type\" content=\"article\" \/>\n<meta property=\"og:title\" content=\"Les environs - Maison Les Galettes | Chambres d&#039;h\u00f4tes | Table d&#039;hotes\" \/>\n<meta property=\"og:description\" content=\"Des vacances, une semaine ou juste une nuit? Rendez-vous \u00e0 la Maison Les Galettes au coeur de la France. Id\u00e9alement situ\u00e9 dans le centre pr\u00e8s de A71.\" \/>\n<meta property=\"og:url\" content=\"https:\/\/maisonlesgalettes.com\/fr\/environs\/\" \/>\n<meta property=\"og:site_name\" content=\"Maison Les Galettes\" \/>\n<meta property=\"article:publisher\" content=\"https:\/\/www.facebook.com\/maisonlesgalettes\" \/>\n<meta property=\"article:modified_time\" content=\"2022-10-17T13:40:23+00:00\" \/>\n<meta name=\"twitter:card\" content=\"summary_large_image\" \/>\n<meta name=\"twitter:label1\" content=\"Dur\u00e9e de lecture estim\u00e9e\" \/>\n\t<meta name=\"twitter:data1\" content=\"8 minutes\" \/>\n<script type=\"application\/ld+json\" class=\"yoast-schema-graph\">{\"@context\":\"https:\\\/\\\/schema.org\",\"@graph\":[{\"@type\":\"WebPage\",\"@id\":\"https:\\\/\\\/maisonlesgalettes.com\\\/fr\\\/environs\\\/\",\"url\":\"https:\\\/\\\/maisonlesgalettes.com\\\/fr\\\/environs\\\/\",\"name\":\"Les environs - Maison Les Galettes | Chambres d'h\u00f4tes | Table d'hotes\",\"isPartOf\":{\"@id\":\"https:\\\/\\\/maisonlesgalettes.com\\\/#website\"},\"datePublished\":\"2016-11-09T12:28:41+00:00\",\"dateModified\":\"2022-10-17T13:40:23+00:00\",\"description\":\"Des vacances, une semaine ou juste une nuit? Rendez-vous \u00e0 la Maison Les Galettes au coeur de la France. Id\u00e9alement situ\u00e9 dans le centre pr\u00e8s de A71.\",\"breadcrumb\":{\"@id\":\"https:\\\/\\\/maisonlesgalettes.com\\\/fr\\\/environs\\\/#breadcrumb\"},\"inLanguage\":\"fr-FR\",\"potentialAction\":[{\"@type\":\"ReadAction\",\"target\":[\"https:\\\/\\\/maisonlesgalettes.com\\\/fr\\\/environs\\\/\"]}]},{\"@type\":\"BreadcrumbList\",\"@id\":\"https:\\\/\\\/maisonlesgalettes.com\\\/fr\\\/environs\\\/#breadcrumb\",\"itemListElement\":[{\"@type\":\"ListItem\",\"position\":1,\"name\":\"Home\",\"item\":\"https:\\\/\\\/maisonlesgalettes.com\\\/fr\\\/\"},{\"@type\":\"ListItem\",\"position\":2,\"name\":\"Les environs\"}]},{\"@type\":\"WebSite\",\"@id\":\"https:\\\/\\\/maisonlesgalettes.com\\\/#website\",\"url\":\"https:\\\/\\\/maisonlesgalettes.com\\\/\",\"name\":\"Maison Les Galettes\",\"description\":\"Chambres d&#039;h\u00f4tes\",\"potentialAction\":[{\"@type\":\"SearchAction\",\"target\":{\"@type\":\"EntryPoint\",\"urlTemplate\":\"https:\\\/\\\/maisonlesgalettes.com\\\/?s={search_term_string}\"},\"query-input\":{\"@type\":\"PropertyValueSpecification\",\"valueRequired\":true,\"valueName\":\"search_term_string\"}}],\"inLanguage\":\"fr-FR\"}]}<\/script>\n<!-- \/ Yoast SEO plugin. -->","yoast_head_json":{"title":"Les environs - Maison Les Galettes | Chambres d'h\u00f4tes | Table d'hotes","description":"Des vacances, une semaine ou juste une nuit? Rendez-vous \u00e0 la Maison Les Galettes au coeur de la France. Id\u00e9alement situ\u00e9 dans le centre pr\u00e8s de A71.","robots":{"index":"index","follow":"follow","max-snippet":"max-snippet:-1","max-image-preview":"max-image-preview:large","max-video-preview":"max-video-preview:-1"},"canonical":"https:\/\/maisonlesgalettes.com\/fr\/environs\/","og_locale":"fr_FR","og_type":"article","og_title":"Les environs - Maison Les Galettes | Chambres d'h\u00f4tes | Table d'hotes","og_description":"Des vacances, une semaine ou juste une nuit? Rendez-vous \u00e0 la Maison Les Galettes au coeur de la France. Id\u00e9alement situ\u00e9 dans le centre pr\u00e8s de A71.","og_url":"https:\/\/maisonlesgalettes.com\/fr\/environs\/","og_site_name":"Maison Les Galettes","article_publisher":"https:\/\/www.facebook.com\/maisonlesgalettes","article_modified_time":"2022-10-17T13:40:23+00:00","twitter_card":"summary_large_image","twitter_misc":{"Dur\u00e9e de lecture estim\u00e9e":"8 minutes"},"schema":{"@context":"https:\/\/schema.org","@graph":[{"@type":"WebPage","@id":"https:\/\/maisonlesgalettes.com\/fr\/environs\/","url":"https:\/\/maisonlesgalettes.com\/fr\/environs\/","name":"Les environs - Maison Les Galettes | Chambres d'h\u00f4tes | Table d'hotes","isPartOf":{"@id":"https:\/\/maisonlesgalettes.com\/#website"},"datePublished":"2016-11-09T12:28:41+00:00","dateModified":"2022-10-17T13:40:23+00:00","description":"Des vacances, une semaine ou juste une nuit? Rendez-vous \u00e0 la Maison Les Galettes au coeur de la France. Id\u00e9alement situ\u00e9 dans le centre pr\u00e8s de A71.","breadcrumb":{"@id":"https:\/\/maisonlesgalettes.com\/fr\/environs\/#breadcrumb"},"inLanguage":"fr-FR","potentialAction":[{"@type":"ReadAction","target":["https:\/\/maisonlesgalettes.com\/fr\/environs\/"]}]},{"@type":"BreadcrumbList","@id":"https:\/\/maisonlesgalettes.com\/fr\/environs\/#breadcrumb","itemListElement":[{"@type":"ListItem","position":1,"name":"Home","item":"https:\/\/maisonlesgalettes.com\/fr\/"},{"@type":"ListItem","position":2,"name":"Les environs"}]},{"@type":"WebSite","@id":"https:\/\/maisonlesgalettes.com\/#website","url":"https:\/\/maisonlesgalettes.com\/","name":"Maison Les Galettes","description":"Chambres d&#039;h\u00f4tes","potentialAction":[{"@type":"SearchAction","target":{"@type":"EntryPoint","urlTemplate":"https:\/\/maisonlesgalettes.com\/?s={search_term_string}"},"query-input":{"@type":"PropertyValueSpecification","valueRequired":true,"valueName":"search_term_string"}}],"inLanguage":"fr-FR"}]}},"_links":{"self":[{"href":"https:\/\/maisonlesgalettes.com\/fr\/wp-json\/wp\/v2\/pages\/2255","targetHints":{"allow":["GET"]}}],"collection":[{"href":"https:\/\/maisonlesgalettes.com\/fr\/wp-json\/wp\/v2\/pages"}],"about":[{"href":"https:\/\/maisonlesgalettes.com\/fr\/wp-json\/wp\/v2\/types\/page"}],"author":[{"embeddable":true,"href":"https:\/\/maisonlesgalettes.com\/fr\/wp-json\/wp\/v2\/users\/1857"}],"replies":[{"embeddable":true,"href":"https:\/\/maisonlesgalettes.com\/fr\/wp-json\/wp\/v2\/comments?post=2255"}],"version-history":[{"count":5,"href":"https:\/\/maisonlesgalettes.com\/fr\/wp-json\/wp\/v2\/pages\/2255\/revisions"}],"predecessor-version":[{"id":6114,"href":"https:\/\/maisonlesgalettes.com\/fr\/wp-json\/wp\/v2\/pages\/2255\/revisions\/6114"}],"wp:attachment":[{"href":"https:\/\/maisonlesgalettes.com\/fr\/wp-json\/wp\/v2\/media?parent=2255"}],"curies":[{"name":"wp","href":"https:\/\/api.w.org\/{rel}","templated":true}]}}