{"id":2262,"date":"2016-12-18T16:10:04","date_gmt":"2016-12-18T15:10:04","guid":{"rendered":"http:\/\/maisonlesgalettes.com\/route\/"},"modified":"2023-05-24T11:10:04","modified_gmt":"2023-05-24T09:10:04","slug":"route","status":"publish","type":"page","link":"https:\/\/maisonlesgalettes.com\/fr\/route\/","title":{"rendered":"Route"},"content":{"rendered":"<p><div class=\"fusion-fullwidth fullwidth-box fusion-builder-row-1 fusion-parallax-none hundred-percent-fullwidth non-hundred-percent-height-scrolling fusion-equal-height-columns\" style=\"--awb-background-position:center bottom;--awb-border-radius-top-left:0px;--awb-border-radius-top-right:0px;--awb-border-radius-bottom-right:0px;--awb-border-radius-bottom-left:0px;--awb-padding-top:250px;--awb-padding-bottom:100px;--awb-background-image:url(&quot;https:\/\/maisonlesgalettes.com\/wp-content\/uploads\/2016\/12\/14747454105_4b7d647053_b-e1482076739172.jpg&quot;);--awb-background-size:cover;--awb-flex-wrap:wrap;\" ><div class=\"fusion-builder-row fusion-row\"><div class=\"fusion-layout-column fusion_builder_column fusion-builder-column-0 fusion_builder_column_1_1 1_1 fusion-one-full fusion-column-first fusion-column-last\" style=\"--awb-bg-size:cover;\"><div class=\"fusion-column-wrapper fusion-flex-column-wrapper-legacy\"><div class=\"fusion-clearfix\"><\/div><\/div><\/div><\/div><\/div><div class=\"fusion-fullwidth fullwidth-box fusion-builder-row-2 nonhundred-percent-fullwidth non-hundred-percent-height-scrolling\" style=\"--awb-border-sizes-top:0px;--awb-border-sizes-bottom:0px;--awb-border-sizes-left:0px;--awb-border-sizes-right:0px;--awb-border-radius-top-left:0px;--awb-border-radius-top-right:0px;--awb-border-radius-bottom-right:0px;--awb-border-radius-bottom-left:0px;--awb-padding-top:50px;--awb-padding-bottom:50px;--awb-flex-wrap:wrap;\" ><div class=\"fusion-builder-row fusion-row\"><div class=\"fusion-layout-column fusion_builder_column fusion-builder-column-1 fusion_builder_column_1_5 1_5 fusion-one-fifth fusion-column-first\" style=\"--awb-bg-size:cover;width:20%;width:calc(20% - ( ( 4% ) * 0.2 ) );margin-right: 4%;\"><div class=\"fusion-column-wrapper fusion-flex-column-wrapper-legacy\"><div class=\"fusion-clearfix\"><\/div><\/div><\/div><div class=\"fusion-layout-column fusion_builder_column fusion-builder-column-2 fusion_builder_column_3_5 3_5 fusion-three-fifth fusion-column-last\" style=\"--awb-bg-position:center center;--awb-bg-size:cover;width:60%;width:calc(60% - ( ( 4% ) * 0.6 ) );\"><div class=\"fusion-column-wrapper fusion-flex-column-wrapper-legacy\"><div class=\"fusion-text fusion-text-1\"><h2>Adresse<\/h2>\n<p>Notre addresse est:<br \/>\nChambres d&rsquo;h\u00f4tes Maison Les Galettes<br \/>\n90, Chemin de la mare des Galettes<br \/>\nLieu-dit Les Galettes<br \/>\n18170 REZAY<br \/>\nFRANCE<\/p>\n<p>Coordonn\u00e9es GPS 46.666469, 2.191716\u00a0(Google Maps)<\/p>\n<p>Vous pouvez nous joindre par e-mail <a href=\"mailto:info@maisonlesgalettes.com\" target=\"_blank\" rel=\"noopener noreferrer\">info@maisonlesgalettes.com<\/a> ou par t\u00e9l\u00e9phone 0248 61 85 68 (fixe) ou 0642 83 96 26 (mobile) \u00e9galement par SMS et WhatsApp.<\/p>\n<\/div><div class=\"fusion-sep-clear\"><\/div><div class=\"fusion-separator fusion-full-width-sep\" style=\"margin-left: auto;margin-right: auto;margin-top:20px;margin-bottom:0px;width:100%;\"><\/div><div class=\"fusion-sep-clear\"><\/div><div class=\"fusion-text fusion-text-2\"><h2>L&rsquo;itin\u00e9raire<\/h2>\n<p><span style=\"font-weight: 400;\">Il y a diff\u00e9rentes mani\u00e8res d\u2019atteindre la Maison Les Galettes en voiture, par le train et avec l&rsquo;avion.<\/span><\/p>\n<\/div><div class=\"fusion-text fusion-text-3\"><h4>Voiture<\/h4>\n<p><span style=\"font-weight: 400;\"><strong>L&rsquo;itin\u00e9raire Paris aux Galettes (A71)<\/strong><br \/>\n<\/span><span style=\"font-weight: 400;\">Nous nous situons \u00e0 300 km du sud de Paris, dans le centre de la France. Depuis Paris, suivre Orl\u00e9ans, Bourges, Saint-Amand-Montrond (autoroute A71). Pr\u00e8s de Saint-Amand-Montrond, prendre la sortie 8, traverser le p\u00e9age et prendre \u00e0 gauche vers Ligni\u00e8res (D925).<br \/>\n<\/span><span style=\"font-weight: 400;\">Apr\u00e8s environ 10 km, tournez \u00e0 gauche vers Morlac \/ Le Ch\u00e2telet (D3).<br \/>\n\u00c0 Morlac, restez \u00e0 droite en direction d&rsquo;Ids-Saint-Roch (D70). \u00c0 Ids-Saint-Roch, tournez \u00e0 gauche sur Saint-Pierre-Les-Bois \/ Le Ch\u00e2telet (D69).<br \/>\n<\/span>Continuez votre chemin et apr\u00e8s le pont, prenez la premi\u00e8re route \u00e0 droite en direction de Maisonnais (D70). Suivez cette route et traversez le carrefour en direction de Maisonnais (D70). Ensuite, prenez la premi\u00e8re route \u00e0 droite en direction de Rezay (D194). Suivez cette route jusqu&rsquo;au croisement, vous tournez \u00e0 gauche vers Les Aublancs.\u00a0Prenez la premi\u00e8re rue \u00e0 droite et vous \u00eates aux Galettes. Continuez jusqu&rsquo;\u00e0 ce que vous ne puissiez plus continuer. La Maison Les Galettes est \u00e0 votre droite.<\/p>\n<p><strong>L&rsquo;itin\u00e9raire de Rezay (la mairie) aux Galettes<\/strong><em><br \/>\n<\/em><span class=\"renderable-component\"><span class=\"renderable-component-text renderable-component-text-not-line\">Vous vous tenez dos \u00e0 la mairie.<br \/>\n<\/span><\/span><span class=\"renderable-component\"><span class=\"renderable-component-text renderable-component-text-not-line\">Prendre la direction <\/span><\/span><span class=\"renderable-component\"><span class=\"renderable-component-text renderable-component-text-not-line renderable-component-bold\">est<\/span><\/span><span class=\"renderable-component\"><span class=\"renderable-component-text renderable-component-text-not-line\"> sur <\/span><\/span><span class=\"renderable-component\"><span class=\"renderable-component-text renderable-component-text-not-line renderable-component-bold\">Route de Saint-Christophe<\/span><\/span><span class=\"renderable-component\"><span class=\"renderable-component-text renderable-component-text-not-line\">\/<\/span><\/span><span class=\"renderable-component\"><span class=\"renderable-component-text renderable-component-text-not-line renderable-component-bold\">D80<\/span><\/span><span class=\"renderable-component\"><span class=\"renderable-component-text renderable-component-text-not-line\"> vers <\/span><\/span><span class=\"renderable-component\"><span class=\"renderable-component-text renderable-component-text-not-line renderable-component-bold\">Le Bourg.<br \/>\n<\/span><\/span>Prendre \u00e0 droite en direction Maisonnais (D194).<br \/>\nSuivez cette route jusqu&rsquo;au croisement, vous tournez \u00e0 droite vers Les Aublancs.<br \/>\nPrenez la premi\u00e8re rue \u00e0 droite et vous \u00eates aux Galettes. Continuez jusqu&rsquo;\u00e0 ce que vous ne puissiez plus continuer.<br \/>\nMaison Les Galettes est \u00e0 votre droite.<\/p>\n<div class=\"directions-mode-nontransit-groups\">\n<div id=\"group_0_0\" class=\"directions-mode-group non-hideable\" data-groupindex=\"0\" data-pathindex=\"0\">\n<div class=\"directions-non-hideable-group\">\n<div class=\"directions-mode-step-container\">\n<div class=\"directions-mode-step selected\" data-groupindex=\"0\" data-pathindex=\"0\" data-rapid=\"step_rap_0_0_0\" data-stepindex=\"0\">\n<div class=\"directions-mode-step-summary\">\n<div class=\"numbered-step focusable-step\" tabindex=\"0\" role=\"button\">\n<div class=\"numbered-step-content\">\n<div class=\"dirsegnote\"><\/div>\n<\/div>\n<\/div>\n<\/div>\n<\/div>\n<\/div>\n<div class=\"directions-mode-step-container\">\n<div class=\"directions-mode-step\" data-groupindex=\"0\" data-pathindex=\"0\" data-rapid=\"step_rap_0_0_1\" data-stepindex=\"1\">\n<div class=\"last-group-in-path directions-mode-separator\"><\/div>\n<\/div>\n<\/div>\n<\/div>\n<\/div>\n<\/div>\n<\/div><div class=\"fusion-text fusion-text-4\"><h4>Train<\/h4>\n<p><span style=\"font-weight: 400;\">Le train est \u00e9galement une option. De Paris, prendre un train pour Saint-Amand-Montrond. Il s&rsquo;agit d&rsquo;un train direct et prend environ trois heures. Note: d\u00e9part de la Gare d&rsquo;Austerlitz et de la Gare Bercy. Les deux stations sont \u00e0 5 km \u00e0 vol d&rsquo;oiseau de la Gare du Nord et peuvent \u00eatre atteintes en m\u00e9tro ou en taxi. Le temps de transfert est d&rsquo;au moins 45 minutes. Vous achetez un billet de train \u00e0 la <span style=\"color: #993366;\"><a style=\"color: #993366;\" href=\"https:\/\/www.oui.sncf\" target=\"_blank\" rel=\"noopener\">SNCF<\/a> <\/span>ou \u00e0<span style=\"color: #993366;\">\u00a0<a style=\"color: #993366;\" href=\"https:\/\/www.thetrainline.com\/fr?redirected=true\" target=\"_blank\" rel=\"noopener\">Trainline<\/a><br \/>\n<\/span><\/span><span style=\"font-weight: 400;\">En concertation nous pouvons venir vous chercher \u00e0 la gare de Saint-Amand-Montrond.<\/span><\/p>\n<h4><\/h4>\n<\/div><div class=\"fusion-text fusion-text-5\"><h4>Avion<\/h4>\n<p><span style=\"font-weight: 400;\">L&rsquo;a\u00e9roport international le plus proche est Clermont-Ferrand, \u00e0 160 km. Possibilit\u00e9 de louer une voiture sur place.<\/span><\/p>\n<\/div><div class=\"fusion-sep-clear\"><\/div><div class=\"fusion-separator fusion-full-width-sep\" style=\"margin-left: auto;margin-right: auto;margin-top:20px;width:100%;\"><\/div><div class=\"fusion-sep-clear\"><\/div><div class=\"fusion-aligncenter\"><a class=\"fusion-button button-flat button-large button-default fusion-button-default button-1 fusion-button-default-span \" style=\"--button-border-radius-top-left:0px;--button-border-radius-top-right:0px;--button-border-radius-bottom-right:0px;--button-border-radius-bottom-left:0px;\" target=\"_self\" href=\"https:\/\/maisonlesgalettes.com\/fr\/reservation\"><span class=\"fusion-button-text awb-button__text awb-button__text--default\">R\u00e9server<\/span><\/a><\/div><div class=\"fusion-clearfix\"><\/div><\/div><\/div><\/div><\/div><div class=\"fusion-fullwidth fullwidth-box fusion-builder-row-3 nonhundred-percent-fullwidth non-hundred-percent-height-scrolling\" style=\"--awb-border-radius-top-left:0px;--awb-border-radius-top-right:0px;--awb-border-radius-bottom-right:0px;--awb-border-radius-bottom-left:0px;--awb-padding-top:20px;--awb-padding-bottom:20px;--awb-flex-wrap:wrap;\" ><div class=\"fusion-builder-row fusion-row\"><div class=\"fusion-layout-column fusion_builder_column fusion-builder-column-3 fusion_builder_column_1_1 1_1 fusion-one-full fusion-column-first fusion-column-last\" style=\"--awb-bg-size:cover;\"><div class=\"fusion-column-wrapper fusion-flex-column-wrapper-legacy\"><div class=\"fusion-text fusion-text-6\"><div id=\"wpgmza_map\" class=\"wpgmza_map\" data-settings='{\"id\":\"1\",\"map_title\":\"Mijn eerste kaart\",\"map_width\":\"100\",\"map_height\":\"400\",\"map_start_lat\":\"46.661690\",\"map_start_lng\":\"2.254944\",\"map_start_location\":\"46.66169000277128,2.25494384765625\",\"map_start_zoom\":\"10\",\"default_marker\":\"0\",\"type\":\"1\",\"alignment\":\"4\",\"directions_enabled\":\"1\",\"styling_enabled\":\"0\",\"styling_json\":\"\",\"active\":\"0\",\"kml\":\"\",\"bicycle\":\"0\",\"traffic\":\"0\",\"dbox\":\"1\",\"dbox_width\":\"100\",\"listmarkers\":\"0\",\"listmarkers_advanced\":\"0\",\"filterbycat\":\"0\",\"ugm_enabled\":\"0\",\"ugm_category_enabled\":\"0\",\"fusion\":\"\",\"map_width_type\":\"\\\\%\",\"map_height_type\":\"px\",\"mass_marker_support\":\"1\",\"ugm_access\":\"0\",\"order_markers_by\":\"1\",\"order_markers_choice\":\"2\",\"show_user_location\":\"0\",\"default_to\":\"\",\"other_settings\":{\"store_locator_enabled\":2,\"store_locator_distance\":2,\"store_locator_default_radius\":10,\"store_locator_not_found_message\":\"No results found in this location. Please try again.\",\"store_locator_bounce\":1,\"store_locator_query_string\":\"PC \\\/ Adres\",\"store_locator_default_address\":\"\",\"wpgmza_store_locator_restrict\":\"\",\"wpgmza_store_locator_radius_style\":\"modern\",\"map_max_zoom\":\"1\",\"transport_layer\":0,\"wpgmza_show_points_of_interest\":0,\"wpgmza_auto_night\":0,\"bicycle\":\"0\",\"traffic\":\"0\"}}' data-map-id='1' Data-maps-engine='open-layers' data-shortcode-attributes='{\"id\":\"1\"}' style=\"display:block; overflow:auto; width:100%; height:400px; float:left;\"><\/div>\n<\/div><div class=\"fusion-clearfix\"><\/div><\/div><\/div><\/div><\/div><\/p>\n","protected":false},"excerpt":{"rendered":"","protected":false},"author":1856,"featured_media":0,"parent":0,"menu_order":0,"comment_status":"closed","ping_status":"open","template":"100-width.php","meta":{"footnotes":""},"class_list":["post-2262","page","type-page","status-publish","hentry"],"yoast_head":"<!-- This site is optimized with the Yoast SEO plugin v27.4 - https:\/\/yoast.com\/product\/yoast-seo-wordpress\/ -->\n<title>Route - Maison Les Galettes | Chambres d&#039;h\u00f4tes | Table d&#039;hotes<\/title>\n<meta name=\"description\" content=\"Des vacances, une semaine ou juste une nuit? Rendez-vous \u00e0 la Maison Les Galettes au coeur de la France. Id\u00e9alement situ\u00e9 dans le centre pr\u00e8s de A71.\" \/>\n<meta name=\"robots\" content=\"index, follow, max-snippet:-1, max-image-preview:large, max-video-preview:-1\" \/>\n<link rel=\"canonical\" href=\"https:\/\/maisonlesgalettes.com\/fr\/route\/\" \/>\n<meta property=\"og:locale\" content=\"fr_FR\" \/>\n<meta property=\"og:type\" content=\"article\" \/>\n<meta property=\"og:title\" content=\"Route - Maison Les Galettes | Chambres d&#039;h\u00f4tes | Table d&#039;hotes\" \/>\n<meta property=\"og:description\" content=\"Des vacances, une semaine ou juste une nuit? Rendez-vous \u00e0 la Maison Les Galettes au coeur de la France. Id\u00e9alement situ\u00e9 dans le centre pr\u00e8s de A71.\" \/>\n<meta property=\"og:url\" content=\"https:\/\/maisonlesgalettes.com\/fr\/route\/\" \/>\n<meta property=\"og:site_name\" content=\"Maison Les Galettes\" \/>\n<meta property=\"article:publisher\" content=\"https:\/\/www.facebook.com\/maisonlesgalettes\" \/>\n<meta property=\"article:modified_time\" content=\"2023-05-24T09:10:04+00:00\" \/>\n<meta name=\"twitter:card\" content=\"summary_large_image\" \/>\n<meta name=\"twitter:label1\" content=\"Dur\u00e9e de lecture estim\u00e9e\" \/>\n\t<meta name=\"twitter:data1\" content=\"5 minutes\" \/>\n<script type=\"application\/ld+json\" class=\"yoast-schema-graph\">{\"@context\":\"https:\\\/\\\/schema.org\",\"@graph\":[{\"@type\":\"WebPage\",\"@id\":\"https:\\\/\\\/maisonlesgalettes.com\\\/fr\\\/route\\\/\",\"url\":\"https:\\\/\\\/maisonlesgalettes.com\\\/fr\\\/route\\\/\",\"name\":\"Route - Maison Les Galettes | Chambres d'h\u00f4tes | Table d'hotes\",\"isPartOf\":{\"@id\":\"https:\\\/\\\/maisonlesgalettes.com\\\/#website\"},\"datePublished\":\"2016-12-18T15:10:04+00:00\",\"dateModified\":\"2023-05-24T09:10:04+00:00\",\"description\":\"Des vacances, une semaine ou juste une nuit? Rendez-vous \u00e0 la Maison Les Galettes au coeur de la France. Id\u00e9alement situ\u00e9 dans le centre pr\u00e8s de A71.\",\"breadcrumb\":{\"@id\":\"https:\\\/\\\/maisonlesgalettes.com\\\/fr\\\/route\\\/#breadcrumb\"},\"inLanguage\":\"fr-FR\",\"potentialAction\":[{\"@type\":\"ReadAction\",\"target\":[\"https:\\\/\\\/maisonlesgalettes.com\\\/fr\\\/route\\\/\"]}]},{\"@type\":\"BreadcrumbList\",\"@id\":\"https:\\\/\\\/maisonlesgalettes.com\\\/fr\\\/route\\\/#breadcrumb\",\"itemListElement\":[{\"@type\":\"ListItem\",\"position\":1,\"name\":\"Home\",\"item\":\"https:\\\/\\\/maisonlesgalettes.com\\\/fr\\\/\"},{\"@type\":\"ListItem\",\"position\":2,\"name\":\"Route\"}]},{\"@type\":\"WebSite\",\"@id\":\"https:\\\/\\\/maisonlesgalettes.com\\\/#website\",\"url\":\"https:\\\/\\\/maisonlesgalettes.com\\\/\",\"name\":\"Maison Les Galettes\",\"description\":\"Chambres d&#039;h\u00f4tes\",\"potentialAction\":[{\"@type\":\"SearchAction\",\"target\":{\"@type\":\"EntryPoint\",\"urlTemplate\":\"https:\\\/\\\/maisonlesgalettes.com\\\/?s={search_term_string}\"},\"query-input\":{\"@type\":\"PropertyValueSpecification\",\"valueRequired\":true,\"valueName\":\"search_term_string\"}}],\"inLanguage\":\"fr-FR\"}]}<\/script>\n<!-- \/ Yoast SEO plugin. -->","yoast_head_json":{"title":"Route - Maison Les Galettes | Chambres d'h\u00f4tes | Table d'hotes","description":"Des vacances, une semaine ou juste une nuit? Rendez-vous \u00e0 la Maison Les Galettes au coeur de la France. Id\u00e9alement situ\u00e9 dans le centre pr\u00e8s de A71.","robots":{"index":"index","follow":"follow","max-snippet":"max-snippet:-1","max-image-preview":"max-image-preview:large","max-video-preview":"max-video-preview:-1"},"canonical":"https:\/\/maisonlesgalettes.com\/fr\/route\/","og_locale":"fr_FR","og_type":"article","og_title":"Route - Maison Les Galettes | Chambres d'h\u00f4tes | Table d'hotes","og_description":"Des vacances, une semaine ou juste une nuit? Rendez-vous \u00e0 la Maison Les Galettes au coeur de la France. Id\u00e9alement situ\u00e9 dans le centre pr\u00e8s de A71.","og_url":"https:\/\/maisonlesgalettes.com\/fr\/route\/","og_site_name":"Maison Les Galettes","article_publisher":"https:\/\/www.facebook.com\/maisonlesgalettes","article_modified_time":"2023-05-24T09:10:04+00:00","twitter_card":"summary_large_image","twitter_misc":{"Dur\u00e9e de lecture estim\u00e9e":"5 minutes"},"schema":{"@context":"https:\/\/schema.org","@graph":[{"@type":"WebPage","@id":"https:\/\/maisonlesgalettes.com\/fr\/route\/","url":"https:\/\/maisonlesgalettes.com\/fr\/route\/","name":"Route - Maison Les Galettes | Chambres d'h\u00f4tes | Table d'hotes","isPartOf":{"@id":"https:\/\/maisonlesgalettes.com\/#website"},"datePublished":"2016-12-18T15:10:04+00:00","dateModified":"2023-05-24T09:10:04+00:00","description":"Des vacances, une semaine ou juste une nuit? Rendez-vous \u00e0 la Maison Les Galettes au coeur de la France. Id\u00e9alement situ\u00e9 dans le centre pr\u00e8s de A71.","breadcrumb":{"@id":"https:\/\/maisonlesgalettes.com\/fr\/route\/#breadcrumb"},"inLanguage":"fr-FR","potentialAction":[{"@type":"ReadAction","target":["https:\/\/maisonlesgalettes.com\/fr\/route\/"]}]},{"@type":"BreadcrumbList","@id":"https:\/\/maisonlesgalettes.com\/fr\/route\/#breadcrumb","itemListElement":[{"@type":"ListItem","position":1,"name":"Home","item":"https:\/\/maisonlesgalettes.com\/fr\/"},{"@type":"ListItem","position":2,"name":"Route"}]},{"@type":"WebSite","@id":"https:\/\/maisonlesgalettes.com\/#website","url":"https:\/\/maisonlesgalettes.com\/","name":"Maison Les Galettes","description":"Chambres d&#039;h\u00f4tes","potentialAction":[{"@type":"SearchAction","target":{"@type":"EntryPoint","urlTemplate":"https:\/\/maisonlesgalettes.com\/?s={search_term_string}"},"query-input":{"@type":"PropertyValueSpecification","valueRequired":true,"valueName":"search_term_string"}}],"inLanguage":"fr-FR"}]}},"_links":{"self":[{"href":"https:\/\/maisonlesgalettes.com\/fr\/wp-json\/wp\/v2\/pages\/2262","targetHints":{"allow":["GET"]}}],"collection":[{"href":"https:\/\/maisonlesgalettes.com\/fr\/wp-json\/wp\/v2\/pages"}],"about":[{"href":"https:\/\/maisonlesgalettes.com\/fr\/wp-json\/wp\/v2\/types\/page"}],"author":[{"embeddable":true,"href":"https:\/\/maisonlesgalettes.com\/fr\/wp-json\/wp\/v2\/users\/1856"}],"replies":[{"embeddable":true,"href":"https:\/\/maisonlesgalettes.com\/fr\/wp-json\/wp\/v2\/comments?post=2262"}],"version-history":[{"count":5,"href":"https:\/\/maisonlesgalettes.com\/fr\/wp-json\/wp\/v2\/pages\/2262\/revisions"}],"predecessor-version":[{"id":6506,"href":"https:\/\/maisonlesgalettes.com\/fr\/wp-json\/wp\/v2\/pages\/2262\/revisions\/6506"}],"wp:attachment":[{"href":"https:\/\/maisonlesgalettes.com\/fr\/wp-json\/wp\/v2\/media?parent=2262"}],"curies":[{"name":"wp","href":"https:\/\/api.w.org\/{rel}","templated":true}]}}