{"id":3771,"date":"2019-01-14T20:22:01","date_gmt":"2019-01-14T19:22:01","guid":{"rendered":"https:\/\/maisonlesgalettes.com\/?page_id=3771"},"modified":"2019-01-14T20:35:00","modified_gmt":"2019-01-14T19:35:00","slug":"charte-de-confidentialite","status":"publish","type":"page","link":"https:\/\/maisonlesgalettes.com\/fr\/charte-de-confidentialite\/","title":{"rendered":"Charte de Confidentialit\u00e9"},"content":{"rendered":"<h2><strong>Charte de Confidentialit\u00e9<\/strong><\/h2>\n<h3>Date d\u2019entr\u00e9e en vigueur\u00a0: le 25 mai 2018<\/h3>\n<p>La pr\u00e9sente Charte de Confidentialit\u00e9 s&rsquo;applique \u00e0 maisonlesgalettes.com, g\u00e9r\u00e9 et op\u00e9r\u00e9 par l&rsquo;\u00e9tablissement Maison Les Galettes Chambres d\u2019h\u00f4tes. Elle d\u00e9crit la fa\u00e7on dont nous recueillons et utilisons les informations, y compris les donn\u00e9es personnelles, que vous fournissez sur notre site Internet\u00a0: (https:\/\/maisonlesgalettes.com). Elle mentionne \u00e9galement les choix qui se pr\u00e9sentent \u00e0 vous concernant notre utilisation de vos donn\u00e9es personnelles ainsi que l&rsquo;acc\u00e8s et la mise \u00e0 jour de ces donn\u00e9es.<\/p>\n<h3>Collecte des donn\u00e9es<\/h3>\n<p>Le type de donn\u00e9es personnelles que nous recueillons comprennent\u00a0:<\/p>\n<ul>\n<li>Vos pr\u00e9nom et nom, adresse e-mail, num\u00e9ro de t\u00e9l\u00e9phone et adresse postale\u00a0;<\/li>\n<li>Vos informations de s\u00e9jour, y compris les dates d&rsquo;arriv\u00e9e et de d\u00e9part, type de chambre, nombre de personnes et les remarques;<\/li>\n<\/ul>\n<p>Vous d\u00e9cidez quelles donn\u00e9es personnelles vous souhaitez partager avec nous. Les rubriques marqu\u00e9es d&rsquo;un * sont n\u00e9cessaires pour effectuer la r\u00e9servation. Les autres informations ne sont pas obligatoires.<\/p>\n<h3>Donn\u00e9es automatiquement collect\u00e9es<\/h3>\n<p>Lorsque vous utilisez notre site Internet, nous recueillons \u00e9galement des informations automatiquement, dont certaines peuvent \u00eatre des donn\u00e9es personnelles. Cela peut comprendre des donn\u00e9es telles que les param\u00e8tres de langue de l&rsquo;appareil, l&rsquo;adresse IP, la situation g\u00e9ographique, le syst\u00e8me d&rsquo;exploitation de l&rsquo;appareil, les informations de connexion, le temps d&rsquo;utilisation, l&rsquo;URL demand\u00e9e, le rapport de statut, l&rsquo;agent utilisateur (informations sur la version du navigateur), le syst\u00e8me d&rsquo;exploitation, le r\u00e9sultat (personne qui consulte ou r\u00e9serve), l&rsquo;historique de navigation, l&rsquo;identifiant Booking de l&rsquo;utilisateur et le type de donn\u00e9es consult\u00e9es. Nous pouvons aussi recueillir automatiquement des donn\u00e9es via les cookies.<\/p>\n<h3>Utilisations<\/h3>\n<p>Nous utilisons vos donn\u00e9es personnelles aux fins suivantes\u00a0:<\/p>\n<ul>\n<li>R\u00e9servations\u00a0: nous utilisons vos donn\u00e9es personnelles pour terminer et g\u00e9rer votre r\u00e9servation en ligne.<\/li>\n<li>Service Clients\u00a0: nous utilisons vos donn\u00e9es personnelles pour vous fournir l&rsquo;assistance clients n\u00e9cessaire.<\/li>\n<li>Commentaires clients\u00a0: nous pouvons utiliser vos donn\u00e9es personnelles pour vous inviter par e-mail \u00e0 r\u00e9diger un commentaire apr\u00e8s votre s\u00e9jour. Cela peut permettre aux autres voyageurs de choisir l&rsquo;h\u00e9bergement id\u00e9al. Si vous envoyez un commentaire client, celui-ci pourra \u00eatre publi\u00e9 sur notre site Internet.<\/li>\n<li>Activit\u00e9s marketing\u00a0: nous utilisons vos donn\u00e9es personnelles \u00e0 des fins marketing, tel que la loi le permet, comme par exemple les newsletters commerciales et les communications marketing sur les nouveaux produits et services, ou sur d&rsquo;autres offres qui pourraient, selon nous, vous int\u00e9resser. Nous ajoutons un lien pour vous d\u00e9sabonner, que vous pouvez utiliser si vous ne souhaitez plus recevoir de messages de notre part.<\/li>\n<\/ul>\n<h3>Cadres juridiques<\/h3>\n<ul>\n<li>Compte tenu des points A et B, nous d\u00e9pendons de l&rsquo;ex\u00e9cution d&rsquo;un contrat\u00a0: l&rsquo;utilisation de vos donn\u00e9es peut \u00eatre n\u00e9cessaire pour ex\u00e9cuter le contrat sign\u00e9 avec nous. Par exemple, si vous utilisez nos services pour effectuer des r\u00e9servations en ligne, nous utiliserons vos donn\u00e9es pour nous acquitter de l&rsquo;obligation de terminer et de g\u00e9rer la r\u00e9servation dudit contrat que vous avez avec nous.<\/li>\n<li>Compte tenu des points C et D, nous d\u00e9pendons de ses int\u00e9r\u00eats l\u00e9gitimes\u00a0: nous utilisons vos donn\u00e9es personnelles pour nos int\u00e9r\u00eats l\u00e9gitimes, comme pour vous fournir le meilleur contenu possible pour le site Internet, les e-mails et les newsletters, pour am\u00e9liorer et promouvoir nos produits et nos services, ou encore pour des motifs administratifs, juridiques et de d\u00e9tection de fraudes. En utilisant les donn\u00e9es personnelles pour servir nos int\u00e9r\u00eats l\u00e9gitimes, nous prendrons toujours en compte vos droits et int\u00e9r\u00eats dans la protection de vos donn\u00e9es contre nos droits et int\u00e9r\u00eats.<\/li>\n<li>Lorsque la loi en vigueur l&rsquo;exige, nous vous demanderons votre accord avant de traiter vos donn\u00e9es personnelles \u00e0 des fins de marketing direct.<\/li>\n<\/ul>\n<p>Si besoin et conform\u00e9ment \u00e0 la loi en vigueur, nous vous demanderons votre accord. Vous pouvez renoncer \u00e0 votre accord \u00e0 tout moment en nous contactant \u00e0 l&rsquo;une des adresses indiqu\u00e9es \u00e0 la fin de la pr\u00e9sente charte de confidentialit\u00e9.<\/p>\n<p>Si vous souhaitez vous opposer aux utilisations indiqu\u00e9es dans les points C et D et qu&rsquo;aucun m\u00e9canisme de d\u00e9sactivation n&rsquo;est disponible directement pour que vous le fassiez (dans les param\u00e8tres du compte par exemple), veuillez contacter l&rsquo;\u00e9tablissement\u00a0<a href=\"mailto:info@maisonlesgalettes.com\">info@maisonlesgalettes.com<\/a>le cas \u00e9ch\u00e9ant.<\/p>\n<h3>Conservation des donn\u00e9es<\/h3>\n<p>Nous conserverons vos informations, qui pourraient inclure vos donn\u00e9es personnelles, aussi longtemps que nous les consid\u00e9rons n\u00e9cessaires pour vous proposer nos services, respecter la l\u00e9gislation en vigueur, r\u00e9soudre des litiges juridiques avec des tiers et exercer notre activit\u00e9 y compris d\u00e9tecter et pr\u00e9venir des fraudes ou toutes autres activit\u00e9s ill\u00e9gales. Toutes les donn\u00e9es personnelles que nous conservons sont soumises \u00e0 la pr\u00e9sente charte de confidentialit\u00e9. Si vous avez une question concernant une p\u00e9riode de conservation sp\u00e9cifique pour certains types de donn\u00e9es personnelles que nous traitons \u00e0 votre sujet, veuillez nous contacter en utilisant les coordonn\u00e9es de contact indiqu\u00e9es ci-dessous.<\/p>\n<h3>Vos choix et vos droits<\/h3>\n<p>Nous souhaitons que vous gardiez le contr\u00f4le concernant l&rsquo;utilisation de vos donn\u00e9es personnelles que nous utilisons. Vous pouvez le faire de l&rsquo;une des fa\u00e7ons suivantes\u00a0:<\/p>\n<ul>\n<li>Vous pouvez nous demander une copie des informations personnelles que nous poss\u00e9dons \u00e0 votre sujet\u00a0;<\/li>\n<li>vous pouvez nous informer de tous les changements relatifs \u00e0 vos donn\u00e9es personnelles, ou nous demander de modifier toute donn\u00e9e personnelle que nous poss\u00e9dons \u00e0 votre sujet\u00a0;<\/li>\n<li>dans certaines situations, vous pouvez nous demander d&rsquo;effacer, de bloquer ou de limiter le traitement des donn\u00e9es personnelles que nous poss\u00e9dons \u00e0 votre sujet, ou de vous opposer \u00e0 des fa\u00e7ons particuli\u00e8res dont nous utilisons vos donn\u00e9es personnelles\u00a0; et<\/li>\n<\/ul>\n<p>Lorsque nous utilisons vos donn\u00e9es personnelles suite \u00e0 votre accord, vous avez le droit, \u00e0 tout moment, de retirer cet accord selon les lois en vigueur. De plus, lors du traitement de vos donn\u00e9es personnelles dans un int\u00e9r\u00eat l\u00e9gitime ou dans l&rsquo;int\u00e9r\u00eat public, vous pouvez refuser \u00e0 tout moment que nous utilisions vos donn\u00e9es personnelles sous r\u00e9serve des lois applicables.<\/p>\n<p>Nous comptons sur vous pour vous assurer que vos donn\u00e9es personnelles sont compl\u00e8tes, exactes et \u00e0 jour. Veuillez nous informer imm\u00e9diatement de tout changement ou de toute inexactitude de vos donn\u00e9es personnelles \u00e0 ces coordonn\u00e9es\u00a0:\u00a0<a href=\"mailto:info@maisonlesgalettes.com\">info@maisonlesgalettes.com<\/a>. Nous traiterons votre demande conform\u00e9ment \u00e0 la loi en vigueur.<\/p>\n<h3>Questions et r\u00e9clamations<\/h3>\n<p>Si vous avez des questions quant au traitement de vos donn\u00e9es personnelles, ou si vous souhaitez exercer vos droits dans le cadre de cette charte, vous pouvez nous contacter \u00e0 ces coordonn\u00e9es\u00a0: <a href=\"mailto:info@maisonlesgalettes.com\">info@maisonlesgalettes.com<\/a>. Vous pouvez \u00e9galement envoyer toute question ou r\u00e9clamation \u00e0 l&rsquo;autorit\u00e9 locale comp\u00e9tente en mati\u00e8re de protection des donn\u00e9es.<\/p>\n<h3>Modifications apport\u00e9es \u00e0 la charte de confidentialit\u00e9<\/h3>\n<p>De m\u00eame que notre activit\u00e9 \u00e9volue constamment, la pr\u00e9sente charte de confidentialit\u00e9 peut changer de temps \u00e0 autre. Si vous souhaitez voir les modifications r\u00e9guli\u00e8res apport\u00e9es \u00e0 la pr\u00e9sente charte de confidentialit\u00e9, nous vous invitons \u00e0 consulter ladite charte de confidentialit\u00e9. Si nous effectuons des changements mat\u00e9riels ou des changements qui auront un impact sur vous (par ex. lorsque nous commen\u00e7ons le traitement de vos donn\u00e9es personnelles \u00e0 des fins autres que celles stipul\u00e9es ci-dessus), nous vous contacterons au pr\u00e9alable.<\/p>\n","protected":false},"excerpt":{"rendered":"<p>Charte de Confidentialit\u00e9 Date d\u2019entr\u00e9e en vigueur\u00a0: le 25 mai 2018 La pr\u00e9sente Charte de Confidentialit\u00e9 s&rsquo;applique \u00e0 maisonlesgalettes.com, g\u00e9r\u00e9 et op\u00e9r\u00e9 par l&rsquo;\u00e9tablissement Maison Les Galettes Chambres d\u2019h\u00f4tes. Elle d\u00e9crit la fa\u00e7on dont nous<\/p>\n","protected":false},"author":1856,"featured_media":0,"parent":0,"menu_order":0,"comment_status":"closed","ping_status":"closed","template":"","meta":{"footnotes":""},"class_list":["post-3771","page","type-page","status-publish","hentry"],"yoast_head":"<!-- This site is optimized with the Yoast SEO plugin v27.2 - https:\/\/yoast.com\/product\/yoast-seo-wordpress\/ -->\n<title>Chambres d&#039;h\u00f4tes avec piscine \u00e0 la campagne en France (Berry, Cher)<\/title>\n<meta name=\"description\" content=\"Des vacances, une semaine ou juste une nuit? Rendez-vous \u00e0 la Maison Les Galettes au coeur de la France. Id\u00e9alement situ\u00e9 dans le centre pr\u00e8s de A71.\" \/>\n<meta name=\"robots\" content=\"index, follow, max-snippet:-1, max-image-preview:large, max-video-preview:-1\" \/>\n<link rel=\"canonical\" href=\"https:\/\/maisonlesgalettes.com\/fr\/charte-de-confidentialite\/\" \/>\n<meta property=\"og:locale\" content=\"fr_FR\" \/>\n<meta property=\"og:type\" content=\"article\" \/>\n<meta property=\"og:title\" content=\"Chambres d&#039;h\u00f4tes avec piscine \u00e0 la campagne en France (Berry, Cher)\" \/>\n<meta property=\"og:description\" content=\"Des vacances, une semaine ou juste une nuit? Rendez-vous \u00e0 la Maison Les Galettes au coeur de la France. Id\u00e9alement situ\u00e9 dans le centre pr\u00e8s de A71.\" \/>\n<meta property=\"og:url\" content=\"https:\/\/maisonlesgalettes.com\/fr\/charte-de-confidentialite\/\" \/>\n<meta property=\"og:site_name\" content=\"Maison Les Galettes\" \/>\n<meta property=\"article:publisher\" content=\"https:\/\/www.facebook.com\/maisonlesgalettes\" \/>\n<meta property=\"article:modified_time\" content=\"2019-01-14T19:35:00+00:00\" \/>\n<meta name=\"twitter:card\" content=\"summary_large_image\" \/>\n<meta name=\"twitter:label1\" content=\"Dur\u00e9e de lecture estim\u00e9e\" \/>\n\t<meta name=\"twitter:data1\" content=\"6 minutes\" \/>\n<script type=\"application\/ld+json\" class=\"yoast-schema-graph\">{\"@context\":\"https:\/\/schema.org\",\"@graph\":[{\"@type\":\"WebPage\",\"@id\":\"https:\/\/maisonlesgalettes.com\/fr\/charte-de-confidentialite\/\",\"url\":\"https:\/\/maisonlesgalettes.com\/fr\/charte-de-confidentialite\/\",\"name\":\"Chambres d'h\u00f4tes avec piscine \u00e0 la campagne en France (Berry, Cher)\",\"isPartOf\":{\"@id\":\"https:\/\/maisonlesgalettes.com\/#website\"},\"datePublished\":\"2019-01-14T19:22:01+00:00\",\"dateModified\":\"2019-01-14T19:35:00+00:00\",\"description\":\"Des vacances, une semaine ou juste une nuit? Rendez-vous \u00e0 la Maison Les Galettes au coeur de la France. Id\u00e9alement situ\u00e9 dans le centre pr\u00e8s de A71.\",\"breadcrumb\":{\"@id\":\"https:\/\/maisonlesgalettes.com\/fr\/charte-de-confidentialite\/#breadcrumb\"},\"inLanguage\":\"fr-FR\",\"potentialAction\":[{\"@type\":\"ReadAction\",\"target\":[\"https:\/\/maisonlesgalettes.com\/fr\/charte-de-confidentialite\/\"]}]},{\"@type\":\"BreadcrumbList\",\"@id\":\"https:\/\/maisonlesgalettes.com\/fr\/charte-de-confidentialite\/#breadcrumb\",\"itemListElement\":[{\"@type\":\"ListItem\",\"position\":1,\"name\":\"Home\",\"item\":\"https:\/\/maisonlesgalettes.com\/fr\/\"},{\"@type\":\"ListItem\",\"position\":2,\"name\":\"Charte de Confidentialit\u00e9\"}]},{\"@type\":\"WebSite\",\"@id\":\"https:\/\/maisonlesgalettes.com\/#website\",\"url\":\"https:\/\/maisonlesgalettes.com\/\",\"name\":\"Maison Les Galettes\",\"description\":\"Chambres d&#039;h\u00f4tes\",\"potentialAction\":[{\"@type\":\"SearchAction\",\"target\":{\"@type\":\"EntryPoint\",\"urlTemplate\":\"https:\/\/maisonlesgalettes.com\/?s={search_term_string}\"},\"query-input\":{\"@type\":\"PropertyValueSpecification\",\"valueRequired\":true,\"valueName\":\"search_term_string\"}}],\"inLanguage\":\"fr-FR\"}]}<\/script>\n<!-- \/ Yoast SEO plugin. -->","yoast_head_json":{"title":"Chambres d'h\u00f4tes avec piscine \u00e0 la campagne en France (Berry, Cher)","description":"Des vacances, une semaine ou juste une nuit? Rendez-vous \u00e0 la Maison Les Galettes au coeur de la France. Id\u00e9alement situ\u00e9 dans le centre pr\u00e8s de A71.","robots":{"index":"index","follow":"follow","max-snippet":"max-snippet:-1","max-image-preview":"max-image-preview:large","max-video-preview":"max-video-preview:-1"},"canonical":"https:\/\/maisonlesgalettes.com\/fr\/charte-de-confidentialite\/","og_locale":"fr_FR","og_type":"article","og_title":"Chambres d'h\u00f4tes avec piscine \u00e0 la campagne en France (Berry, Cher)","og_description":"Des vacances, une semaine ou juste une nuit? Rendez-vous \u00e0 la Maison Les Galettes au coeur de la France. Id\u00e9alement situ\u00e9 dans le centre pr\u00e8s de A71.","og_url":"https:\/\/maisonlesgalettes.com\/fr\/charte-de-confidentialite\/","og_site_name":"Maison Les Galettes","article_publisher":"https:\/\/www.facebook.com\/maisonlesgalettes","article_modified_time":"2019-01-14T19:35:00+00:00","twitter_card":"summary_large_image","twitter_misc":{"Dur\u00e9e de lecture estim\u00e9e":"6 minutes"},"schema":{"@context":"https:\/\/schema.org","@graph":[{"@type":"WebPage","@id":"https:\/\/maisonlesgalettes.com\/fr\/charte-de-confidentialite\/","url":"https:\/\/maisonlesgalettes.com\/fr\/charte-de-confidentialite\/","name":"Chambres d'h\u00f4tes avec piscine \u00e0 la campagne en France (Berry, Cher)","isPartOf":{"@id":"https:\/\/maisonlesgalettes.com\/#website"},"datePublished":"2019-01-14T19:22:01+00:00","dateModified":"2019-01-14T19:35:00+00:00","description":"Des vacances, une semaine ou juste une nuit? Rendez-vous \u00e0 la Maison Les Galettes au coeur de la France. Id\u00e9alement situ\u00e9 dans le centre pr\u00e8s de A71.","breadcrumb":{"@id":"https:\/\/maisonlesgalettes.com\/fr\/charte-de-confidentialite\/#breadcrumb"},"inLanguage":"fr-FR","potentialAction":[{"@type":"ReadAction","target":["https:\/\/maisonlesgalettes.com\/fr\/charte-de-confidentialite\/"]}]},{"@type":"BreadcrumbList","@id":"https:\/\/maisonlesgalettes.com\/fr\/charte-de-confidentialite\/#breadcrumb","itemListElement":[{"@type":"ListItem","position":1,"name":"Home","item":"https:\/\/maisonlesgalettes.com\/fr\/"},{"@type":"ListItem","position":2,"name":"Charte de Confidentialit\u00e9"}]},{"@type":"WebSite","@id":"https:\/\/maisonlesgalettes.com\/#website","url":"https:\/\/maisonlesgalettes.com\/","name":"Maison Les Galettes","description":"Chambres d&#039;h\u00f4tes","potentialAction":[{"@type":"SearchAction","target":{"@type":"EntryPoint","urlTemplate":"https:\/\/maisonlesgalettes.com\/?s={search_term_string}"},"query-input":{"@type":"PropertyValueSpecification","valueRequired":true,"valueName":"search_term_string"}}],"inLanguage":"fr-FR"}]}},"_links":{"self":[{"href":"https:\/\/maisonlesgalettes.com\/fr\/wp-json\/wp\/v2\/pages\/3771","targetHints":{"allow":["GET"]}}],"collection":[{"href":"https:\/\/maisonlesgalettes.com\/fr\/wp-json\/wp\/v2\/pages"}],"about":[{"href":"https:\/\/maisonlesgalettes.com\/fr\/wp-json\/wp\/v2\/types\/page"}],"author":[{"embeddable":true,"href":"https:\/\/maisonlesgalettes.com\/fr\/wp-json\/wp\/v2\/users\/1856"}],"replies":[{"embeddable":true,"href":"https:\/\/maisonlesgalettes.com\/fr\/wp-json\/wp\/v2\/comments?post=3771"}],"version-history":[{"count":4,"href":"https:\/\/maisonlesgalettes.com\/fr\/wp-json\/wp\/v2\/pages\/3771\/revisions"}],"predecessor-version":[{"id":3777,"href":"https:\/\/maisonlesgalettes.com\/fr\/wp-json\/wp\/v2\/pages\/3771\/revisions\/3777"}],"wp:attachment":[{"href":"https:\/\/maisonlesgalettes.com\/fr\/wp-json\/wp\/v2\/media?parent=3771"}],"curies":[{"name":"wp","href":"https:\/\/api.w.org\/{rel}","templated":true}]}}